{"id":153,"date":"2020-04-14T10:02:34","date_gmt":"2020-04-14T10:02:34","guid":{"rendered":"https:\/\/twoesexvip.com\/shopping\/?page_id=153"},"modified":"2020-04-14T10:28:25","modified_gmt":"2020-04-14T10:28:25","slug":"terminos-y-condiciones","status":"publish","type":"page","link":"https:\/\/twoesexvip.com\/shopping\/terminos-y-condiciones\/","title":{"rendered":"CONDICIONES"},"content":{"rendered":"\n<p>Las presentes Condiciones de Contrataci\u00f3n, regulan el uso de la tienda online TWOESEXVIP.COM, de la que es responsable legal Sara Isabela Rodas Lirio, en adelante, SHOPPING TWOESEXVIP. Estas Condiciones ser\u00e1n aceptadas por las partes sin reservas, y podr\u00e1n ser modificadas en cualquier momento y sin previo aviso, por lo que ser\u00e1 responsabilidad del Usuario leerlas cada vez que realice una compra, ya que, las condiciones vigentes en el momento de celebraci\u00f3n del contrato, ser\u00e1n las que le resulten aplicables.<\/p>\n\n\n\n<p>Normativa aplicable<\/p>\n\n\n\n<p>El presente contrato electr\u00f3nico se celebra bajo la normativa espa\u00f1ola y en concreto bajo el r\u00e9gimen legal impuesto por la Ley 34\/2002 de Servicios de la Sociedad de la Informaci\u00f3n y el Comercio Electr\u00f3nico (LSSICE) y por la Ley General 03\/2014 para la Defensa de los Consumidores y Usuarios (LGDCU).<\/p>\n\n\n\n<p>El contrato electr\u00f3nico no ser\u00e1 archivado por un tercero y el idioma para su conclusi\u00f3n es el espa\u00f1ol. Las presentes condiciones generales podr\u00e1n ser almacenadas y reproducidas en cualquier momento por el usuario que realice una compra mediante las opciones de su navegador de internet, y deben ser aceptadas antes de proceder al pago del pedido.<\/p>\n\n\n\n<p>Cuenta de Usuario y Correcci\u00f3n de Errores<\/p>\n\n\n\n<p>Para poder realizar compras online en esta tienda, podr\u00e1s registrarte mediante la creaci\u00f3n de una \u201cCuenta de Usuario\u201d, o bien hacer una compra r\u00e1pida sin registro (como usuario invitado).<\/p>\n\n\n\n<p>Si realizas la compra como invitado, los datos personales no ser\u00e1n almacenados en la web, ni se podr\u00e1 comprobar el historial de pedidos. Los datos personales se conservar\u00e1n \u00fanicamente para la gesti\u00f3n y entrega de los productos solicitados.<\/p>\n\n\n\n<p>Si decides registrarte, recibir\u00e1s un correo confirmando que el proceso se ha realizado con \u00e9xito y un recordatorio de los datos de acceso. Desde la cuenta podr\u00e1s realizar compras, comprobar el historial de pedidos, cambiar la contrase\u00f1a, modificar los datos personales, modificar las direcciones de env\u00edo y facturaci\u00f3n, realizar comentarios, y otros tr\u00e1mites o gestiones relacionadas con tus compras.<\/p>\n\n\n\n<p>Adem\u00e1s, en cualquier momento, podr\u00e1s acceder a tu cuenta privada para comprobar la informaci\u00f3n personal y direcciones y, en caso de que fuera necesario, corregir los errores que puedan haber existido en la introducci\u00f3n de los datos o actualizar los mismos. Las direcciones de env\u00edo y facturaci\u00f3n tambi\u00e9n podr\u00e1n corregirse o actualizarse a lo largo del proceso de compra.<\/p>\n\n\n\n<p>Podr\u00e1s darte de baja en cualquier momento, enviando un correo electr\u00f3nico, desde la direcci\u00f3n que se quiere dar de baja, a la direcci\u00f3n shopping@twoesexvip.com, lo que conllevar\u00e1 la cancelaci\u00f3n de tus datos de car\u00e1cter personal.<\/p>\n\n\n\n<p>En cualquier caso, la creaci\u00f3n y cancelaci\u00f3n de una cuenta de usuario se regir\u00e1 por lo establecido en la Pol\u00edtica de Privacidad.<\/p>\n\n\n\n<p>Proceso de Compra<\/p>\n\n\n\n<p>Comprar en SHOPPING TWOESEXVIP es f\u00e1cil y sencillo, solo tienes que seguir los siguientes pasos:<\/p>\n\n\n\n<p>1\u00ba.- Seleccionar los productos que desees adquirir de entre los ofrecidos por SHOPPING TWOESEXVIP. Clicando en cada producto, se accede a su ficha, que incluye descripci\u00f3n detallada con la informaci\u00f3n, caracter\u00edsticas principales y precio. Si necesitas m\u00e1s informaci\u00f3n, no dudes en preguntarnos. NOTA: En el caso de fichas de producto con fotograf\u00eda, los productos pueden sufrir ligeras variaciones de color o textura con respecto a la fotograf\u00eda que aparece en la web, debido a diferentes factores, por ejemplo, a la resoluci\u00f3n de su monitor. No obstante, haremos lo posible para que las im\u00e1genes sean lo m\u00e1s fieles posibles a la realidad.<\/p>\n\n\n\n<p>2\u00ba.- Una vez seleccionado el\/los producto\/s que desees comprar, deber\u00e1s pulsar el bot\u00f3n \u201cA\u00f1adir Carrito\u201d, quedando incorporado el producto a tu carrito de la compra. Si lo deseas, podr\u00e1 seguir a\u00f1adiendo m\u00e1s productos al carrito, o proceder directamente al pago.<\/p>\n\n\n\n<p>3\u00ba.- Concluida la selecci\u00f3n de productos, aparecer\u00e1 un resumen identificando el\/los art\u00edculo\/s seleccionado\/s. Finalmente, para continuar con tu pedido, deber\u00e1s pulsar el bot\u00f3n \u201cFINALIZAR COMPRA\u201d.<\/p>\n\n\n\n<p>4\u00ba.- Como hemos indicado en apartados anteriores, al finalizar tu compra, tienes la opci\u00f3n de hacerlo registr\u00e1ndote, o hacer una compra r\u00e1pida sin registro (como usuario invitado). Al registrarte, deber\u00e1s indicar tus datos de contacto y direcci\u00f3n, y en tus pr\u00f3ximas compras no tendr\u00e1s que introducir de nuevo tus datos.<\/p>\n\n\n\n<p>5\u00ba.- Por \u00faltimo, deber\u00e1s elegir el medio de pago de tu pedido de entre los ofrecidos por SHOPPING TWOESEXVIP (ver apartado siguiente).<\/p>\n\n\n\n<p>6\u00ba.- Una vez finalizado el proceso de contrataci\u00f3n, te enviaremos un correo electr\u00f3nico en el que se detallar\u00e1n los datos de la misma, as\u00ed como justificante de compra. Si no recibes este correo en 24 horas, o si aprecias cualquier error en los datos introducidos, ponte en contacto con nosotros por cualquiera de los siguientes medios:<\/p>\n\n\n\n<p>Escribiendo a la direcci\u00f3n de correo shopping@twoesexvip.com<\/p>\n\n\n\n<p>Formas de pago<\/p>\n\n\n\n<p>SHOPPING TWOESEXVIP dispone de diversas modalidades de pago para facilitarte la compra:<\/p>\n\n\n\n<p>\u00b7 Tarjeta de cr\u00e9dito o d\u00e9bito desde paypal.<\/p>\n\n\n\n<p>\u00b7 PayPal.<\/p>\n\n\n\n<p>A continuaci\u00f3n, especificamos las condiciones para cada una de estas formas de pago.<\/p>\n\n\n\n<ul><li>Tarjeta de cr\u00e9dito o d\u00e9bito<\/li><\/ul>\n\n\n\n<p>El pago mediante tarjeta de cr\u00e9dito o d\u00e9bito se realiza a trav\u00e9s de Paypal. Mediante esta modalidad de pago, SHOPPING TWOESEXVIP nunca recoge ni manipula ning\u00fan dato del cliente relativo a su n\u00famero de tarjeta. Todos los datos son tratados directamente por Paypal, de forma que SHOPPING TWOESEXVIP siempre pueda ofrecer la mayor seguridad, transparencia y confidencialidad en la transacci\u00f3n.<\/p>\n\n\n\n<p>Las tarjetas que actualmente admite la pasarela de pago son Visa, Mastercard y Maestro, adem\u00e1s de las pertenecientes a las redes 4B, Red 6000 y Servired. Si tienes alguna duda, contacta con nosotros y te atenderemos para aclarar cualquier inquietud.<\/p>\n\n\n\n<ul><li>Paypal<\/li><\/ul>\n\n\n\n<p>Realiza el pago con tu cuenta de PayPal. Mediante esta modalidad de pago, SHOPPING TWOESEXVIP nunca recoge ni manipula ning\u00fan dato bancario. Todos los datos son tratados directamente por Paypal, de forma que SHOPPING TWOESEXVIP siempre pueda.<\/p>\n","protected":false},"excerpt":{"rendered":"<p>Las presentes Condiciones de Contrataci\u00f3n, regulan el uso de la tienda online TWOESEXVIP.COM, de la que es responsable legal Sara Isabela Rodas Lirio, en adelante, SHOPPING TWOESEXVIP. Estas Condiciones ser\u00e1n aceptadas por las partes sin reservas, y podr\u00e1n ser modificadas en cualquier momento y sin previo aviso, por lo que ser\u00e1 responsabilidad del Usuario leerlas [&hellip;]<\/p>\n","protected":false},"author":1,"featured_media":0,"parent":0,"menu_order":0,"comment_status":"closed","ping_status":"closed","template":"","meta":[],"_links":{"self":[{"href":"https:\/\/twoesexvip.com\/shopping\/wp-json\/wp\/v2\/pages\/153"}],"collection":[{"href":"https:\/\/twoesexvip.com\/shopping\/wp-json\/wp\/v2\/pages"}],"about":[{"href":"https:\/\/twoesexvip.com\/shopping\/wp-json\/wp\/v2\/types\/page"}],"author":[{"embeddable":true,"href":"https:\/\/twoesexvip.com\/shopping\/wp-json\/wp\/v2\/users\/1"}],"replies":[{"embeddable":true,"href":"https:\/\/twoesexvip.com\/shopping\/wp-json\/wp\/v2\/comments?post=153"}],"version-history":[{"count":3,"href":"https:\/\/twoesexvip.com\/shopping\/wp-json\/wp\/v2\/pages\/153\/revisions"}],"predecessor-version":[{"id":167,"href":"https:\/\/twoesexvip.com\/shopping\/wp-json\/wp\/v2\/pages\/153\/revisions\/167"}],"wp:attachment":[{"href":"https:\/\/twoesexvip.com\/shopping\/wp-json\/wp\/v2\/media?parent=153"}],"curies":[{"name":"wp","href":"https:\/\/api.w.org\/{rel}","templated":true}]}}